{"id":258,"date":"2018-06-05T12:49:55","date_gmt":"2018-06-05T09:49:55","guid":{"rendered":"http:\/\/multipurpose.loc\/hotel\/?page_id=258"},"modified":"2026-04-04T19:28:17","modified_gmt":"2026-04-04T16:28:17","slug":"gallery","status":"publish","type":"page","link":"https:\/\/seastar-primorsko.eu\/cs\/gallery\/","title":{"rendered":"Galerie"},"content":{"rendered":"<div class=\"container vc_container   \" ><div class=\"vc_row wpb_row vc_row-fluid\"><div class=\"wpb_column vc_column_container vc_col-sm-12\">\n    <div class=\"vc_column-inner \">\n        <div class=\"wpb_wrapper\">\n            <div class=\"wpb_gallery wpb_content_element vc_clearfix\" ><div class=\"wpb_wrapper\"><div class=\"wpb_gallery_slides wpb_image_grid\" data-interval=\"3\"><ul class=\"wpb_image_grid_ul\"><li class=\"isotope-item\"><a class=\"prettyphoto\" href=\"https:\/\/seastar-primorsko.eu\/wp-content\/uploads\/2020\/07\/DSC06353-1024x675.jpg\" data-rel=\"prettyPhoto[rel-258-848911805]\"><img loading=\"lazy\" decoding=\"async\" srcset=\"https:\/\/seastar-primorsko.eu\/wp-content\/uploads\/2020\/07\/DSC06353-scaled-770x600.jpg 2x\" class=\"\" src=\"https:\/\/seastar-primorsko.eu\/wp-content\/uploads\/2020\/07\/DSC06353-scaled-385x300.jpg\" width=\"385\" height=\"300\" alt=\"DSC06353\" title=\"DSC06353\" \/><\/a><\/li><li class=\"isotope-item\"><a class=\"prettyphoto\" href=\"https:\/\/seastar-primorsko.eu\/wp-content\/uploads\/2020\/07\/DSC06300-1024x675.jpg\" data-rel=\"prettyPhoto[rel-258-848911805]\"><img loading=\"lazy\" decoding=\"async\" srcset=\"https:\/\/seastar-primorsko.eu\/wp-content\/uploads\/2020\/07\/DSC06300-scaled-770x600.jpg 2x\" class=\"\" src=\"https:\/\/seastar-primorsko.eu\/wp-content\/uploads\/2020\/07\/DSC06300-scaled-385x300.jpg\" width=\"385\" height=\"300\" alt=\"DSC06300\" title=\"DSC06300\" \/><\/a><\/li><li class=\"isotope-item\"><a class=\"prettyphoto\" href=\"https:\/\/seastar-primorsko.eu\/wp-content\/uploads\/2026\/04\/Seastar-primorsko-pool-1024x689.jpg\" data-rel=\"prettyPhoto[rel-258-848911805]\"><img loading=\"lazy\" decoding=\"async\" srcset=\"https:\/\/seastar-primorsko.eu\/wp-content\/uploads\/2026\/04\/Seastar-primorsko-pool-770x600.jpg 2x\" class=\"\" src=\"https:\/\/seastar-primorsko.eu\/wp-content\/uploads\/2026\/04\/Seastar-primorsko-pool-385x300.jpg\" width=\"385\" height=\"300\" alt=\"Seastar-primorsko-pool\" title=\"Seastar-primorsko-pool\" \/><\/a><\/li><li class=\"isotope-item\"><a class=\"prettyphoto\" href=\"https:\/\/seastar-primorsko.eu\/wp-content\/uploads\/2026\/04\/Seastar-primorsko-pool-3-1024x768.jpg\" data-rel=\"prettyPhoto[rel-258-848911805]\"><img loading=\"lazy\" decoding=\"async\" srcset=\"https:\/\/seastar-primorsko.eu\/wp-content\/uploads\/2026\/04\/Seastar-primorsko-pool-3-770x600.jpg 2x\" class=\"\" src=\"https:\/\/seastar-primorsko.eu\/wp-content\/uploads\/2026\/04\/Seastar-primorsko-pool-3-385x300.jpg\" width=\"385\" height=\"300\" alt=\"Seastar-primorsko-pool-3\" title=\"Seastar-primorsko-pool-3\" \/><\/a><\/li><li class=\"isotope-item\"><a class=\"prettyphoto\" href=\"https:\/\/seastar-primorsko.eu\/wp-content\/uploads\/2026\/04\/Seastar-primorsko-pool-2-1024x768.jpg\" data-rel=\"prettyPhoto[rel-258-848911805]\"><img loading=\"lazy\" decoding=\"async\" srcset=\"https:\/\/seastar-primorsko.eu\/wp-content\/uploads\/2026\/04\/Seastar-primorsko-pool-2-770x600.jpg 2x\" class=\"\" src=\"https:\/\/seastar-primorsko.eu\/wp-content\/uploads\/2026\/04\/Seastar-primorsko-pool-2-385x300.jpg\" width=\"385\" height=\"300\" alt=\"Seastar-primorsko-pool-2\" title=\"Seastar-primorsko-pool-2\" \/><\/a><\/li><li class=\"isotope-item\"><a class=\"prettyphoto\" href=\"https:\/\/seastar-primorsko.eu\/wp-content\/uploads\/2020\/07\/DSC06328-1024x683.jpg\" data-rel=\"prettyPhoto[rel-258-848911805]\"><img loading=\"lazy\" decoding=\"async\" srcset=\"https:\/\/seastar-primorsko.eu\/wp-content\/uploads\/2020\/07\/DSC06328-scaled-770x600.jpg 2x\" class=\"\" src=\"https:\/\/seastar-primorsko.eu\/wp-content\/uploads\/2020\/07\/DSC06328-scaled-385x300.jpg\" width=\"385\" height=\"300\" alt=\"DSC06328\" title=\"DSC06328\" \/><\/a><\/li><li class=\"isotope-item\"><a class=\"prettyphoto\" href=\"https:\/\/seastar-primorsko.eu\/wp-content\/uploads\/2020\/07\/DSC06348-1024x683.jpg\" data-rel=\"prettyPhoto[rel-258-848911805]\"><img loading=\"lazy\" decoding=\"async\" srcset=\"https:\/\/seastar-primorsko.eu\/wp-content\/uploads\/2020\/07\/DSC06348-scaled-770x600.jpg 2x\" class=\"\" src=\"https:\/\/seastar-primorsko.eu\/wp-content\/uploads\/2020\/07\/DSC06348-scaled-385x300.jpg\" width=\"385\" height=\"300\" alt=\"DSC06348\" title=\"DSC06348\" \/><\/a><\/li><li class=\"isotope-item\"><a class=\"prettyphoto\" href=\"https:\/\/seastar-primorsko.eu\/wp-content\/uploads\/2020\/07\/DSC06349-1024x683.jpg\" data-rel=\"prettyPhoto[rel-258-848911805]\"><img loading=\"lazy\" decoding=\"async\" srcset=\"https:\/\/seastar-primorsko.eu\/wp-content\/uploads\/2020\/07\/DSC06349-scaled-770x600.jpg 2x\" class=\"\" src=\"https:\/\/seastar-primorsko.eu\/wp-content\/uploads\/2020\/07\/DSC06349-scaled-385x300.jpg\" width=\"385\" height=\"300\" alt=\"DSC06349\" title=\"DSC06349\" \/><\/a><\/li><li class=\"isotope-item\"><a class=\"prettyphoto\" href=\"https:\/\/seastar-primorsko.eu\/wp-content\/uploads\/2026\/04\/Seastar-primorsko-restorant-gradina-1024x768.jpg\" data-rel=\"prettyPhoto[rel-258-848911805]\"><img loading=\"lazy\" decoding=\"async\" srcset=\"https:\/\/seastar-primorsko.eu\/wp-content\/uploads\/2026\/04\/Seastar-primorsko-restorant-gradina-770x600.jpg 2x\" class=\"\" src=\"https:\/\/seastar-primorsko.eu\/wp-content\/uploads\/2026\/04\/Seastar-primorsko-restorant-gradina-385x300.jpg\" width=\"385\" height=\"300\" alt=\"Seastar-primorsko-restorant-gradina\" title=\"Seastar-primorsko-restorant-gradina\" \/><\/a><\/li><li class=\"isotope-item\"><a class=\"prettyphoto\" href=\"https:\/\/seastar-primorsko.eu\/wp-content\/uploads\/2026\/04\/Seastar-primorsko-restorant-gradina-3-1024x768.jpg\" data-rel=\"prettyPhoto[rel-258-848911805]\"><img loading=\"lazy\" decoding=\"async\" srcset=\"https:\/\/seastar-primorsko.eu\/wp-content\/uploads\/2026\/04\/Seastar-primorsko-restorant-gradina-3-770x600.jpg 2x\" class=\"\" src=\"https:\/\/seastar-primorsko.eu\/wp-content\/uploads\/2026\/04\/Seastar-primorsko-restorant-gradina-3-385x300.jpg\" width=\"385\" height=\"300\" alt=\"Seastar-primorsko-restorant-gradina-3\" title=\"Seastar-primorsko-restorant-gradina-3\" \/><\/a><\/li><li class=\"isotope-item\"><a class=\"prettyphoto\" href=\"https:\/\/seastar-primorsko.eu\/wp-content\/uploads\/2026\/04\/Seastar-primorsko-restorant-gradina-2-1024x768.jpg\" data-rel=\"prettyPhoto[rel-258-848911805]\"><img loading=\"lazy\" decoding=\"async\" srcset=\"https:\/\/seastar-primorsko.eu\/wp-content\/uploads\/2026\/04\/Seastar-primorsko-restorant-gradina-2-770x600.jpg 2x\" class=\"\" src=\"https:\/\/seastar-primorsko.eu\/wp-content\/uploads\/2026\/04\/Seastar-primorsko-restorant-gradina-2-385x300.jpg\" width=\"385\" height=\"300\" alt=\"Seastar-primorsko-restorant-gradina-2\" title=\"Seastar-primorsko-restorant-gradina-2\" \/><\/a><\/li><li class=\"isotope-item\"><a class=\"prettyphoto\" href=\"https:\/\/seastar-primorsko.eu\/wp-content\/uploads\/2026\/04\/Seastar-primorsko-kuhnia-salati-2-1024x768.jpg\" data-rel=\"prettyPhoto[rel-258-848911805]\"><img loading=\"lazy\" decoding=\"async\" srcset=\"https:\/\/seastar-primorsko.eu\/wp-content\/uploads\/2026\/04\/Seastar-primorsko-kuhnia-salati-2-770x600.jpg 2x\" class=\"\" src=\"https:\/\/seastar-primorsko.eu\/wp-content\/uploads\/2026\/04\/Seastar-primorsko-kuhnia-salati-2-385x300.jpg\" width=\"385\" height=\"300\" alt=\"Seastar-primorsko-kuhnia-salati-2\" title=\"Seastar-primorsko-kuhnia-salati-2\" \/><\/a><\/li><li class=\"isotope-item\"><a class=\"prettyphoto\" href=\"https:\/\/seastar-primorsko.eu\/wp-content\/uploads\/2026\/04\/Seastar-primorsko-kuhnia-salati-1024x768.jpg\" data-rel=\"prettyPhoto[rel-258-848911805]\"><img loading=\"lazy\" decoding=\"async\" srcset=\"https:\/\/seastar-primorsko.eu\/wp-content\/uploads\/2026\/04\/Seastar-primorsko-kuhnia-salati-770x600.jpg 2x\" class=\"\" src=\"https:\/\/seastar-primorsko.eu\/wp-content\/uploads\/2026\/04\/Seastar-primorsko-kuhnia-salati-385x300.jpg\" width=\"385\" height=\"300\" alt=\"Seastar-primorsko-kuhnia-salati\" title=\"Seastar-primorsko-kuhnia-salati\" \/><\/a><\/li><li class=\"isotope-item\"><a class=\"prettyphoto\" href=\"https:\/\/seastar-primorsko.eu\/wp-content\/uploads\/2021\/07\/IMG_E4622-1024x768.jpg\" data-rel=\"prettyPhoto[rel-258-848911805]\"><img loading=\"lazy\" decoding=\"async\" srcset=\"https:\/\/seastar-primorsko.eu\/wp-content\/uploads\/2021\/07\/IMG_E4622-770x600.jpg 2x\" class=\"\" src=\"https:\/\/seastar-primorsko.eu\/wp-content\/uploads\/2021\/07\/IMG_E4622-385x300.jpg\" width=\"385\" height=\"300\" alt=\"IMG_E4622\" title=\"IMG_E4622\" \/><\/a><\/li><li class=\"isotope-item\"><a class=\"prettyphoto\" href=\"https:\/\/seastar-primorsko.eu\/wp-content\/uploads\/2021\/07\/IMG_4618-1024x768.jpg\" data-rel=\"prettyPhoto[rel-258-848911805]\"><img loading=\"lazy\" decoding=\"async\" srcset=\"https:\/\/seastar-primorsko.eu\/wp-content\/uploads\/2021\/07\/IMG_4618-770x600.jpg 2x\" class=\"\" src=\"https:\/\/seastar-primorsko.eu\/wp-content\/uploads\/2021\/07\/IMG_4618-385x300.jpg\" width=\"385\" height=\"300\" alt=\"IMG_4618\" title=\"IMG_4618\" \/><\/a><\/li><li class=\"isotope-item\"><a class=\"prettyphoto\" href=\"https:\/\/seastar-primorsko.eu\/wp-content\/uploads\/2026\/04\/Seastar-primorsko-kuhnia-osnovni-1024x768.jpg\" data-rel=\"prettyPhoto[rel-258-848911805]\"><img loading=\"lazy\" decoding=\"async\" srcset=\"https:\/\/seastar-primorsko.eu\/wp-content\/uploads\/2026\/04\/Seastar-primorsko-kuhnia-osnovni-770x600.jpg 2x\" class=\"\" src=\"https:\/\/seastar-primorsko.eu\/wp-content\/uploads\/2026\/04\/Seastar-primorsko-kuhnia-osnovni-385x300.jpg\" width=\"385\" height=\"300\" alt=\"Seastar-primorsko-kuhnia-osnovni\" title=\"Seastar-primorsko-kuhnia-osnovni\" \/><\/a><\/li><li class=\"isotope-item\"><a class=\"prettyphoto\" href=\"https:\/\/seastar-primorsko.eu\/wp-content\/uploads\/2026\/04\/Seastar-primorsko-kuhnia-garnituri-1024x768.jpg\" data-rel=\"prettyPhoto[rel-258-848911805]\"><img loading=\"lazy\" decoding=\"async\" srcset=\"https:\/\/seastar-primorsko.eu\/wp-content\/uploads\/2026\/04\/Seastar-primorsko-kuhnia-garnituri-770x600.jpg 2x\" class=\"\" src=\"https:\/\/seastar-primorsko.eu\/wp-content\/uploads\/2026\/04\/Seastar-primorsko-kuhnia-garnituri-385x300.jpg\" width=\"385\" height=\"300\" alt=\"Seastar-primorsko-kuhnia-garnituri\" title=\"Seastar-primorsko-kuhnia-garnituri\" \/><\/a><\/li><li class=\"isotope-item\"><a class=\"prettyphoto\" href=\"https:\/\/seastar-primorsko.eu\/wp-content\/uploads\/2026\/04\/Seastar-primorsko-kuhnia-plodove-1024x768.jpg\" data-rel=\"prettyPhoto[rel-258-848911805]\"><img loading=\"lazy\" decoding=\"async\" srcset=\"https:\/\/seastar-primorsko.eu\/wp-content\/uploads\/2026\/04\/Seastar-primorsko-kuhnia-plodove-770x600.jpg 2x\" class=\"\" src=\"https:\/\/seastar-primorsko.eu\/wp-content\/uploads\/2026\/04\/Seastar-primorsko-kuhnia-plodove-385x300.jpg\" width=\"385\" height=\"300\" alt=\"Seastar-primorsko-kuhnia-plodove\" title=\"Seastar-primorsko-kuhnia-plodove\" \/><\/a><\/li><li class=\"isotope-item\"><a class=\"prettyphoto\" href=\"https:\/\/seastar-primorsko.eu\/wp-content\/uploads\/2021\/07\/20210713_081021-1024x768.jpg\" data-rel=\"prettyPhoto[rel-258-848911805]\"><img loading=\"lazy\" decoding=\"async\" srcset=\"https:\/\/seastar-primorsko.eu\/wp-content\/uploads\/2021\/07\/20210713_081021-770x600.jpg 2x\" class=\"\" src=\"https:\/\/seastar-primorsko.eu\/wp-content\/uploads\/2021\/07\/20210713_081021-385x300.jpg\" width=\"385\" height=\"300\" alt=\"20210713_081021\" title=\"20210713_081021\" \/><\/a><\/li><\/ul><\/div><\/div><\/div>        <\/div>\n    <\/div>\n<\/div><\/div><\/div>\n","protected":false},"excerpt":{"rendered":"","protected":false},"author":1,"featured_media":0,"parent":0,"menu_order":0,"comment_status":"closed","ping_status":"closed","template":"","meta":{"footnotes":""},"class_list":["post-258","page","type-page","status-publish","hentry"],"yoast_head":"<!-- This site is optimized with the Yoast SEO plugin v27.1.1 - https:\/\/yoast.com\/product\/yoast-seo-wordpress\/ -->\n<title>\u0413\u0430\u043b\u0435\u0440\u0438\u044f - SeaStar<\/title>\n<meta name=\"robots\" content=\"index, follow, max-snippet:-1, max-image-preview:large, max-video-preview:-1\" \/>\n<link rel=\"canonical\" href=\"https:\/\/seastar-primorsko.eu\/cs\/gallery\/\" \/>\n<meta property=\"og:locale\" content=\"cs_CZ\" \/>\n<meta property=\"og:type\" content=\"article\" \/>\n<meta property=\"og:title\" content=\"\u0413\u0430\u043b\u0435\u0440\u0438\u044f - SeaStar\" \/>\n<meta property=\"og:url\" content=\"https:\/\/seastar-primorsko.eu\/cs\/gallery\/\" \/>\n<meta property=\"og:site_name\" content=\"SeaStar\" \/>\n<meta property=\"article:publisher\" content=\"https:\/\/www.facebook.com\/seastar.primorsko.eu\/\" \/>\n<meta property=\"article:modified_time\" content=\"2026-04-04T16:28:17+00:00\" \/>\n<meta name=\"twitter:card\" content=\"summary_large_image\" \/>\n<meta name=\"twitter:label1\" content=\"Odhadovan\u00e1 doba \u010dten\u00ed\" \/>\n\t<meta name=\"twitter:data1\" content=\"1 minuta\" \/>\n<script type=\"application\/ld+json\" class=\"yoast-schema-graph\">{\"@context\":\"https:\/\/schema.org\",\"@graph\":[{\"@type\":\"WebPage\",\"@id\":\"https:\/\/seastar-primorsko.eu\/gallery\/\",\"url\":\"https:\/\/seastar-primorsko.eu\/gallery\/\",\"name\":\"\u0413\u0430\u043b\u0435\u0440\u0438\u044f - SeaStar\",\"isPartOf\":{\"@id\":\"https:\/\/seastar-primorsko.eu\/#website\"},\"datePublished\":\"2018-06-05T09:49:55+00:00\",\"dateModified\":\"2026-04-04T16:28:17+00:00\",\"breadcrumb\":{\"@id\":\"https:\/\/seastar-primorsko.eu\/gallery\/#breadcrumb\"},\"inLanguage\":\"cs\",\"potentialAction\":[{\"@type\":\"ReadAction\",\"target\":[\"https:\/\/seastar-primorsko.eu\/gallery\/\"]}]},{\"@type\":\"BreadcrumbList\",\"@id\":\"https:\/\/seastar-primorsko.eu\/gallery\/#breadcrumb\",\"itemListElement\":[{\"@type\":\"ListItem\",\"position\":1,\"name\":\"\u041d\u0430\u0447\u0430\u043b\u043e\",\"item\":\"https:\/\/seastar-primorsko.eu\/\"},{\"@type\":\"ListItem\",\"position\":2,\"name\":\"\u0413\u0430\u043b\u0435\u0440\u0438\u044f\"}]},{\"@type\":\"WebSite\",\"@id\":\"https:\/\/seastar-primorsko.eu\/#website\",\"url\":\"https:\/\/seastar-primorsko.eu\/\",\"name\":\"SeaStar\",\"description\":\"\u0425\u043e\u0442\u0435\u043b \u0432 \u0433\u0440. \u041f\u0440\u0438\u043c\u043e\u0440\u0441\u043a\u043e\",\"publisher\":{\"@id\":\"https:\/\/seastar-primorsko.eu\/#organization\"},\"potentialAction\":[{\"@type\":\"SearchAction\",\"target\":{\"@type\":\"EntryPoint\",\"urlTemplate\":\"https:\/\/seastar-primorsko.eu\/?s={search_term_string}\"},\"query-input\":{\"@type\":\"PropertyValueSpecification\",\"valueRequired\":true,\"valueName\":\"search_term_string\"}}],\"inLanguage\":\"cs\"},{\"@type\":\"Organization\",\"@id\":\"https:\/\/seastar-primorsko.eu\/#organization\",\"name\":\"SeaStar - \u0425\u043e\u0442\u0435\u043b \u0432 \u041f\u0440\u0438\u043c\u043e\u0440\u0441\u043a\u043e\",\"url\":\"https:\/\/seastar-primorsko.eu\/\",\"logo\":{\"@type\":\"ImageObject\",\"inLanguage\":\"cs\",\"@id\":\"https:\/\/seastar-primorsko.eu\/#\/schema\/logo\/image\/\",\"url\":\"https:\/\/seastar-primorsko.eu\/wp-content\/uploads\/2020\/01\/logo-2starsf.png\",\"contentUrl\":\"https:\/\/seastar-primorsko.eu\/wp-content\/uploads\/2020\/01\/logo-2starsf.png\",\"width\":447,\"height\":160,\"caption\":\"SeaStar - \u0425\u043e\u0442\u0435\u043b \u0432 \u041f\u0440\u0438\u043c\u043e\u0440\u0441\u043a\u043e\"},\"image\":{\"@id\":\"https:\/\/seastar-primorsko.eu\/#\/schema\/logo\/image\/\"},\"sameAs\":[\"https:\/\/www.facebook.com\/seastar.primorsko.eu\/\"]}]}<\/script>\n<!-- \/ Yoast SEO plugin. -->","yoast_head_json":{"title":"\u0413\u0430\u043b\u0435\u0440\u0438\u044f - SeaStar","robots":{"index":"index","follow":"follow","max-snippet":"max-snippet:-1","max-image-preview":"max-image-preview:large","max-video-preview":"max-video-preview:-1"},"canonical":"https:\/\/seastar-primorsko.eu\/cs\/gallery\/","og_locale":"cs_CZ","og_type":"article","og_title":"\u0413\u0430\u043b\u0435\u0440\u0438\u044f - SeaStar","og_url":"https:\/\/seastar-primorsko.eu\/cs\/gallery\/","og_site_name":"SeaStar","article_publisher":"https:\/\/www.facebook.com\/seastar.primorsko.eu\/","article_modified_time":"2026-04-04T16:28:17+00:00","twitter_card":"summary_large_image","twitter_misc":{"Odhadovan\u00e1 doba \u010dten\u00ed":"1 minuta"},"schema":{"@context":"https:\/\/schema.org","@graph":[{"@type":"WebPage","@id":"https:\/\/seastar-primorsko.eu\/gallery\/","url":"https:\/\/seastar-primorsko.eu\/gallery\/","name":"\u0413\u0430\u043b\u0435\u0440\u0438\u044f - SeaStar","isPartOf":{"@id":"https:\/\/seastar-primorsko.eu\/#website"},"datePublished":"2018-06-05T09:49:55+00:00","dateModified":"2026-04-04T16:28:17+00:00","breadcrumb":{"@id":"https:\/\/seastar-primorsko.eu\/gallery\/#breadcrumb"},"inLanguage":"cs","potentialAction":[{"@type":"ReadAction","target":["https:\/\/seastar-primorsko.eu\/gallery\/"]}]},{"@type":"BreadcrumbList","@id":"https:\/\/seastar-primorsko.eu\/gallery\/#breadcrumb","itemListElement":[{"@type":"ListItem","position":1,"name":"\u041d\u0430\u0447\u0430\u043b\u043e","item":"https:\/\/seastar-primorsko.eu\/"},{"@type":"ListItem","position":2,"name":"\u0413\u0430\u043b\u0435\u0440\u0438\u044f"}]},{"@type":"WebSite","@id":"https:\/\/seastar-primorsko.eu\/#website","url":"https:\/\/seastar-primorsko.eu\/","name":"SeaStar","description":"\u0425\u043e\u0442\u0435\u043b \u0432 \u0433\u0440. \u041f\u0440\u0438\u043c\u043e\u0440\u0441\u043a\u043e","publisher":{"@id":"https:\/\/seastar-primorsko.eu\/#organization"},"potentialAction":[{"@type":"SearchAction","target":{"@type":"EntryPoint","urlTemplate":"https:\/\/seastar-primorsko.eu\/?s={search_term_string}"},"query-input":{"@type":"PropertyValueSpecification","valueRequired":true,"valueName":"search_term_string"}}],"inLanguage":"cs"},{"@type":"Organization","@id":"https:\/\/seastar-primorsko.eu\/#organization","name":"SeaStar - \u0425\u043e\u0442\u0435\u043b \u0432 \u041f\u0440\u0438\u043c\u043e\u0440\u0441\u043a\u043e","url":"https:\/\/seastar-primorsko.eu\/","logo":{"@type":"ImageObject","inLanguage":"cs","@id":"https:\/\/seastar-primorsko.eu\/#\/schema\/logo\/image\/","url":"https:\/\/seastar-primorsko.eu\/wp-content\/uploads\/2020\/01\/logo-2starsf.png","contentUrl":"https:\/\/seastar-primorsko.eu\/wp-content\/uploads\/2020\/01\/logo-2starsf.png","width":447,"height":160,"caption":"SeaStar - \u0425\u043e\u0442\u0435\u043b \u0432 \u041f\u0440\u0438\u043c\u043e\u0440\u0441\u043a\u043e"},"image":{"@id":"https:\/\/seastar-primorsko.eu\/#\/schema\/logo\/image\/"},"sameAs":["https:\/\/www.facebook.com\/seastar.primorsko.eu\/"]}]}},"_links":{"self":[{"href":"https:\/\/seastar-primorsko.eu\/cs\/wp-json\/wp\/v2\/pages\/258","targetHints":{"allow":["GET"]}}],"collection":[{"href":"https:\/\/seastar-primorsko.eu\/cs\/wp-json\/wp\/v2\/pages"}],"about":[{"href":"https:\/\/seastar-primorsko.eu\/cs\/wp-json\/wp\/v2\/types\/page"}],"author":[{"embeddable":true,"href":"https:\/\/seastar-primorsko.eu\/cs\/wp-json\/wp\/v2\/users\/1"}],"replies":[{"embeddable":true,"href":"https:\/\/seastar-primorsko.eu\/cs\/wp-json\/wp\/v2\/comments?post=258"}],"version-history":[{"count":31,"href":"https:\/\/seastar-primorsko.eu\/cs\/wp-json\/wp\/v2\/pages\/258\/revisions"}],"predecessor-version":[{"id":2351,"href":"https:\/\/seastar-primorsko.eu\/cs\/wp-json\/wp\/v2\/pages\/258\/revisions\/2351"}],"wp:attachment":[{"href":"https:\/\/seastar-primorsko.eu\/cs\/wp-json\/wp\/v2\/media?parent=258"}],"curies":[{"name":"wp","href":"https:\/\/api.w.org\/{rel}","templated":true}]}}