{"id":168,"date":"2018-06-05T04:15:54","date_gmt":"2018-06-05T04:15:54","guid":{"rendered":"http:\/\/multipurpose.loc\/hotel\/?page_id=168"},"modified":"2025-01-26T21:41:39","modified_gmt":"2025-01-26T19:41:39","slug":"contact-us","status":"publish","type":"page","link":"https:\/\/seastar-primorsko.eu\/cs\/contact-us\/","title":{"rendered":"Kontakty"},"content":{"rendered":"<section class=\"vc_section vc_custom_1577044454346\"><div class=\"container-fluid vc_container-fluid  vc_custom_1577044334114\" ><div class=\"vc_row wpb_row vc_row-fluid vc_row-has-fill vc_row-o-equal-height vc_row-o-content-middle vc_row-flex\"><div class=\"container\"><div class=\"row\"><div class=\"wpb_column vc_column_container vc_col-sm-6 vc_col-lg-4 vc_col-md-4 vc_col-xs-12\">\n    <div class=\"vc_column-inner vc_custom_1538133673472\">\n        <div class=\"wpb_wrapper\">\n            <div class=\"stm_spacer\">\n    <div class=\"visible-lg\" style=\"height: 30px;\"><\/div>\n    <div class=\"visible-md\" style=\"height: 30px;\"><\/div>\n    <div class=\"visible-sm\" style=\"height: 30px;\"><\/div>\n    <div class=\"visible-xs\" style=\"height: 30px;\"><\/div>\n<\/div>\n\t<div class=\"wpb_text_column wpb_content_element\" >\n\t\t<div class=\"wpb_wrapper\">\n\t\t\t<h3 style=\"font-size: 37.2px; line-height: 45px;\">Kontaktujte N\u00e1s:<\/h3>\n\n\t\t<\/div>\n\t<\/div>\n<div class=\"stm_spacer\">\n    <div class=\"visible-lg\" style=\"height: 43px;\"><\/div>\n    <div class=\"visible-md\" style=\"height: 43px;\"><\/div>\n    <div class=\"visible-sm\" style=\"height: 10px;\"><\/div>\n    <div class=\"visible-xs\" style=\"height: 10px;\"><\/div>\n<\/div>\n\n    <div class=\"stm_iconbox clearfix stm_iconbox_style_1 stm_iconbox69d1fef834753 text-left  stm_iconbox__icon-left clearfix\">\n                    <div class=\"stm_iconbox__icon\"\n                 style=\"width: 65px; height: 60px;\">\n                <i style=\"font-size:45px;color:#3a3138;font-weight: normal;\"\n                   class=\"custom stmicon-phone-call\">\n                <\/i>\n            <\/div>\n                <div class=\"stm_iconbox__text\">\n                            <h6 style=\"font-size:16px!important;\" class=\"no_line\"><span\n                            class=\"mtc_b\">Telefon<\/span><\/h6>\n                        <div class=\"stm_iconbox__desc\">\n            <span class=\"stm_iconbox__dots\">\n                <span class=\"stm_iconbox__dot stm_iconbox__dot_first\"><\/span>\n                <span class=\"stm_iconbox__dot stm_iconbox__dot_second\"><\/span>\n                <span class=\"stm_iconbox__dot stm_iconbox__dot_third\"><\/span>\n            <\/span>\n                <h3 style=\"font-size: 19.5px;\"><a style=\"text-decoration: none;\" href=\"tel:+359\u00a087\u00a08740753\">+359\u00a0878 740 753<\/a><\/h3>\n            <\/div>\n        <\/div>\n    <\/div>\n<div class=\"stm_spacer\">\n    <div class=\"visible-lg\" style=\"height: 21px;\"><\/div>\n    <div class=\"visible-md\" style=\"height: 21px;\"><\/div>\n    <div class=\"visible-sm\" style=\"height: 20px;\"><\/div>\n    <div class=\"visible-xs\" style=\"height: 20px;\"><\/div>\n<\/div>\n\n    <div class=\"stm_iconbox clearfix stm_iconbox_style_1 stm_iconbox69d1fef8348ba text-left  stm_iconbox__icon-left clearfix\">\n                    <div class=\"stm_iconbox__icon\"\n                 style=\"width: 65px; height: 60px;\">\n                <i style=\"font-size:42px;color:#3a3138;font-weight: normal;\"\n                   class=\"custom fa fa-envelope-open-o\">\n                <\/i>\n            <\/div>\n                <div class=\"stm_iconbox__text\">\n                            <h6 style=\"font-size:16px!important;\" class=\"no_line\"><span\n                            class=\"mtc_b\">Email<\/span><\/h6>\n                        <div class=\"stm_iconbox__desc\">\n            <span class=\"stm_iconbox__dots\">\n                <span class=\"stm_iconbox__dot stm_iconbox__dot_first\"><\/span>\n                <span class=\"stm_iconbox__dot stm_iconbox__dot_second\"><\/span>\n                <span class=\"stm_iconbox__dot stm_iconbox__dot_third\"><\/span>\n            <\/span>\n                <h3 style=\"font-size: 19.5px;\"><a style=\"text-decoration: none;\" href=\"mailto:seastar.primorsko@gmail.com\">seastar.primorsko@gmail.com<\/a><\/h3>\n            <\/div>\n        <\/div>\n    <\/div>\n<div class=\"stm_spacer\">\n    <div class=\"visible-lg\" style=\"height: 26px;\"><\/div>\n    <div class=\"visible-md\" style=\"height: 26px;\"><\/div>\n    <div class=\"visible-sm\" style=\"height: 25px;\"><\/div>\n    <div class=\"visible-xs\" style=\"height: 20px;\"><\/div>\n<\/div>\n\n    <div class=\"stm_iconbox clearfix stm_iconbox_style_1 stm_iconbox69d1fef834999 text-left  stm_iconbox__icon-left clearfix\">\n                    <div class=\"stm_iconbox__icon\"\n                 style=\"width: 65px; height: 60px;\">\n                <i style=\"font-size:46px;color:#3a3138;font-weight: normal;\"\n                   class=\"custom stmicon-maps-and-flags\">\n                <\/i>\n            <\/div>\n                <div class=\"stm_iconbox__text\">\n                            <h6 style=\"font-size:16px!important;\" class=\"no_line\"><span\n                            class=\"mtc_b\">Adresa<\/span><\/h6>\n                        <div class=\"stm_iconbox__desc\">\n            <span class=\"stm_iconbox__dots\">\n                <span class=\"stm_iconbox__dot stm_iconbox__dot_first\"><\/span>\n                <span class=\"stm_iconbox__dot stm_iconbox__dot_second\"><\/span>\n                <span class=\"stm_iconbox__dot stm_iconbox__dot_third\"><\/span>\n            <\/span>\n                <h3 style=\"font-size: 19.5px;\"><a style=\"text-decoration: none;\" href=\"https:\/\/www.google.com\/maps\/place\/.+++90,+8180+,+\/@42.2659678,27.7456857,17z\/data=!3m1!4b1!4m5!3m4!1s0x40a6cd82ca11b91f:0x100ca4265a62fb80!8m2!3d42.2659678!4d27.7478744\" target=\"_blank\" rel=\"noopener noreferrer\">90 T\u0159et\u00ed b\u0159ezen Str., Primorsko<\/a><\/h3>\n            <\/div>\n        <\/div>\n    <\/div>\n<div class=\"stm_spacer\">\n    <div class=\"visible-lg\" style=\"height: 30px;\"><\/div>\n    <div class=\"visible-md\" style=\"height: 30px;\"><\/div>\n    <div class=\"visible-sm\" style=\"height: 30px;\"><\/div>\n    <div class=\"visible-xs\" style=\"height: 30px;\"><\/div>\n<\/div>        <\/div>\n    <\/div>\n<\/div><div data-stretch=\"right\" class=\"wpb_column vc_column_container vc_col-sm-6 vc_col-lg-8 vc_col-md-8 vc_col-xs-12\">\n    <div class=\"vc_column-inner vc_custom_1538133669144\">\n        <div class=\"wpb_wrapper\">\n                <div id=\"map_69d1fef834b72\"\n         class=\"stm_gmap_wrapper style_1 carousel-disable\" style=\"height: 645px;\">\n        <div style=\"height: 645px;\"                id=\"stm-gmap-69d1fef834b71\" class=\"stm_gmap\"><\/div>\n        <div class=\"gmap_addresses\">\n\t\t\t                <div class=\"addresses_wr\">\n                    <div class=\"addresses\" id=\"owl_69d1fef834b6f\">\n\t\t\t\t\t\t\n<div class=\"item stm_owl__glitches\"\n     itemscope itemtype=\"http:\/\/schema.org\/Organization\"\n     data-lat=\"42.2659678\"\n     data-lng=\"27.7456857\"\n     data-title=\"SeaStar\">\n\t        <div class=\"title h6 no_line\" itemprop=\"name\">SeaStar<\/div>\n\t    <ul>\n\t\t            <li>\n                <div class=\"icon\">\n                    <i class=\"stmicon-location-2\"><\/i>\n                <\/div>\n                <div class=\"text\"\n                     data-title=\"Office\">\n                    <p itemprop=\"address\">Primorsko<\/p>\n                <\/div>\n            <\/li>\n\t\t\t\t            <li>\n                <div class=\"icon\">\n                    <i class=\"stmicon-iphone\"><\/i>\n                <\/div>\n                <div class=\"text\" data-title=\"Phone\">\n                    <p itemprop=\"telephone\">+359 888 376 262<\/p>\n                <\/div>\n            <\/li>\n\t\t\t\t            <li>\n                <div class=\"icon\">\n                    <i class=\"stmicon-email\"><\/i>\n                <\/div>\n                <div class=\"text\" data-title=\"Email\">\n                    <a itemprop=\"email\"\n                       href=\"mailto:seastar.primorsko@gmail.com\">\n\t\t\t\t\t\tseastar.primorsko@gmail.com                    <\/a>\n                <\/div>\n            <\/li>\n\t\t\t\t    <\/ul>\n<\/div>                    <\/div>\n                <\/div>\n\t\t\t        <\/div>\n    <\/div>\n\n\n    <!--Get script-->\n\t\n        <\/div>\n    <\/div>\n<\/div><\/div><\/div><\/div><\/div><\/section><div class=\"container vc_container  vc_custom_1531906799465\" ><div class=\"vc_row wpb_row vc_row-fluid\"><div class=\"wpb_column vc_column_container vc_col-sm-1\/5\">\n    <div class=\"vc_column-inner\">\n        <div class=\"wpb_wrapper\">\n                    <\/div>\n    <\/div>\n<\/div><div class=\"wpb_column vc_column_container vc_col-sm-3\/5\">\n    <div class=\"vc_column-inner\">\n        <div class=\"wpb_wrapper\">\n            <div class=\"stm_spacer\">\n    <div class=\"visible-lg\" style=\"height: 120px;\"><\/div>\n    <div class=\"visible-md\" style=\"height: 120px;\"><\/div>\n    <div class=\"visible-sm\" style=\"height: 70px;\"><\/div>\n    <div class=\"visible-xs\" style=\"height: 60px;\"><\/div>\n<\/div><h2 style=\"text-align: center\" class=\"vc_custom_heading vc_custom_1577044158540   stm_custom_heading__icon text-center\"><i class=\"stmicon-haircut position_top mtc\" ><\/i>M\u00e1te ot\u00e1zky?<\/h2>\n<div class=\"wpcf7 no-js\" id=\"wpcf7-f172-o1\" lang=\"en-US\" dir=\"ltr\" data-wpcf7-id=\"172\">\n<div class=\"screen-reader-response\"><p role=\"status\" aria-live=\"polite\" aria-atomic=\"true\"><\/p> <ul><\/ul><\/div>\n<form action=\"\/cs\/wp-json\/wp\/v2\/pages\/168#wpcf7-f172-o1\" method=\"post\" class=\"wpcf7-form init stm_cf7 stm_cf7_style_1\" aria-label=\"Contact form\" novalidate=\"novalidate\" data-status=\"init\" data-trp-original-action=\"\/cs\/wp-json\/wp\/v2\/pages\/168#wpcf7-f172-o1\">\n<fieldset class=\"hidden-fields-container\"><input type=\"hidden\" name=\"_wpcf7\" value=\"172\" \/><input type=\"hidden\" name=\"_wpcf7_version\" value=\"6.1.5\" \/><input type=\"hidden\" name=\"_wpcf7_locale\" value=\"en_US\" \/><input type=\"hidden\" name=\"_wpcf7_unit_tag\" value=\"wpcf7-f172-o1\" \/><input type=\"hidden\" name=\"_wpcf7_container_post\" value=\"0\" \/><input type=\"hidden\" name=\"_wpcf7_posted_data_hash\" value=\"\" \/>\n<\/fieldset>\n<div class=\"row\">\n\t<div class=\"col-md-6\">\n\t\t<div class=\"form-group\">\n\t\t\t<p><span class=\"wpcf7-form-control-wrap\" data-name=\"text-462\"><input size=\"40\" maxlength=\"400\" class=\"wpcf7-form-control wpcf7-text wpcf7-validates-as-required\" aria-required=\"true\" aria-invalid=\"false\" placeholder=\"Jm\u00e9no\" value=\"\" type=\"text\" name=\"text-462\" \/><\/span>\n\t\t\t<\/p>\n\t\t<\/div>\n\t<\/div>\n\t<div class=\"col-md-6\">\n\t\t<div class=\"form-group\">\n\t\t\t<p><span class=\"wpcf7-form-control-wrap\" data-name=\"email-308\"><input size=\"40\" maxlength=\"400\" class=\"wpcf7-form-control wpcf7-email wpcf7-validates-as-required wpcf7-text wpcf7-validates-as-email\" aria-required=\"true\" aria-invalid=\"false\" placeholder=\"Email\" value=\"\" type=\"email\" name=\"email-308\" \/><\/span>\n\t\t\t<\/p>\n\t\t<\/div>\n\t<\/div>\n\t<div class=\"col-md-12\">\n\t\t<div class=\"form-group\">\n\t\t\t<p><span class=\"wpcf7-form-control-wrap\" data-name=\"textarea-269\"><textarea cols=\"40\" rows=\"3\" maxlength=\"2000\" class=\"wpcf7-form-control wpcf7-textarea\" aria-invalid=\"false\" placeholder=\"Zpr\u00e1va\" name=\"textarea-269\"><\/textarea><\/span>\n\t\t\t<\/p>\n\t\t<\/div>\n\t<\/div>\n\t<div class=\"col-md-12\">\n\t\t<div class=\"form-group text-center\">\n\t\t\t<p><button class=\"wpcf7-form-control wpcf7-submit btn btn_solid btn_primary\" type=\"submit\">Odeslat<\/button>\n\t\t\t<\/p>\n\t\t<\/div>\n\t<\/div>\n<\/div><div class=\"wpcf7-response-output\" aria-hidden=\"true\"><\/div>\n<input type=\"hidden\" name=\"trp-form-language\" value=\"cs\"\/><\/form>\n<\/div>\n        <\/div>\n    <\/div>\n<\/div><div class=\"wpb_column vc_column_container vc_col-sm-1\/5\">\n    <div class=\"vc_column-inner\">\n        <div class=\"wpb_wrapper\">\n                    <\/div>\n    <\/div>\n<\/div><\/div><\/div>","protected":false},"excerpt":{"rendered":"\u0421\u0432\u044a\u0440\u0436\u0435\u0442\u0435 \u0441\u0435 \u0441 \u041d\u0430\u0441: \u0422\u0435\u043b\u0435\u0444\u043e\u043d +359\u00a0878 740 753 Email seastar.primorsko@gmail.com \u0410\u0434\u0440\u0435\u0441 \u0443\u043b. \u201e\u0422\u0440\u0435\u0442\u0438 \u043c\u0430\u0440\u0442\u201c 90, \u041f\u0440\u0438\u043c\u043e\u0440\u0441\u043a\u043e SeaStar Primorsko +359 888 376 262 seastar.primorsko@gmail.com \u0418\u043c\u0430\u0442\u0435 \u0432\u044a\u043f\u0440\u043e\u0441\u0438? \u0418\u0437\u043f\u0440\u0430\u0442\u0438","protected":false},"author":1,"featured_media":0,"parent":0,"menu_order":0,"comment_status":"closed","ping_status":"closed","template":"","meta":{"footnotes":""},"class_list":["post-168","page","type-page","status-publish","hentry"],"yoast_head":"<!-- This site is optimized with the Yoast SEO plugin v27.1.1 - https:\/\/yoast.com\/product\/yoast-seo-wordpress\/ -->\n<title>\u041a\u043e\u043d\u0442\u0430\u043a\u0442\u0438 - SeaStar<\/title>\n<meta name=\"robots\" content=\"index, follow, max-snippet:-1, max-image-preview:large, max-video-preview:-1\" \/>\n<link rel=\"canonical\" href=\"https:\/\/seastar-primorsko.eu\/cs\/contact-us\/\" \/>\n<meta property=\"og:locale\" content=\"cs_CZ\" \/>\n<meta property=\"og:type\" content=\"article\" \/>\n<meta property=\"og:title\" content=\"\u041a\u043e\u043d\u0442\u0430\u043a\u0442\u0438 - SeaStar\" \/>\n<meta property=\"og:url\" content=\"https:\/\/seastar-primorsko.eu\/cs\/contact-us\/\" \/>\n<meta property=\"og:site_name\" content=\"SeaStar\" \/>\n<meta property=\"article:publisher\" content=\"https:\/\/www.facebook.com\/seastar.primorsko.eu\/\" \/>\n<meta property=\"article:modified_time\" content=\"2025-01-26T19:41:39+00:00\" \/>\n<meta name=\"twitter:card\" content=\"summary_large_image\" \/>\n<meta name=\"twitter:label1\" content=\"Odhadovan\u00e1 doba \u010dten\u00ed\" \/>\n\t<meta name=\"twitter:data1\" content=\"1 minuta\" \/>\n<script type=\"application\/ld+json\" class=\"yoast-schema-graph\">{\"@context\":\"https:\/\/schema.org\",\"@graph\":[{\"@type\":\"WebPage\",\"@id\":\"https:\/\/seastar-primorsko.eu\/contact-us\/\",\"url\":\"https:\/\/seastar-primorsko.eu\/contact-us\/\",\"name\":\"\u041a\u043e\u043d\u0442\u0430\u043a\u0442\u0438 - SeaStar\",\"isPartOf\":{\"@id\":\"https:\/\/seastar-primorsko.eu\/#website\"},\"datePublished\":\"2018-06-05T04:15:54+00:00\",\"dateModified\":\"2025-01-26T19:41:39+00:00\",\"breadcrumb\":{\"@id\":\"https:\/\/seastar-primorsko.eu\/contact-us\/#breadcrumb\"},\"inLanguage\":\"cs\",\"potentialAction\":[{\"@type\":\"ReadAction\",\"target\":[\"https:\/\/seastar-primorsko.eu\/contact-us\/\"]}]},{\"@type\":\"BreadcrumbList\",\"@id\":\"https:\/\/seastar-primorsko.eu\/contact-us\/#breadcrumb\",\"itemListElement\":[{\"@type\":\"ListItem\",\"position\":1,\"name\":\"\u041d\u0430\u0447\u0430\u043b\u043e\",\"item\":\"https:\/\/seastar-primorsko.eu\/\"},{\"@type\":\"ListItem\",\"position\":2,\"name\":\"\u041a\u043e\u043d\u0442\u0430\u043a\u0442\u0438\"}]},{\"@type\":\"WebSite\",\"@id\":\"https:\/\/seastar-primorsko.eu\/#website\",\"url\":\"https:\/\/seastar-primorsko.eu\/\",\"name\":\"SeaStar\",\"description\":\"\u0425\u043e\u0442\u0435\u043b \u0432 \u0433\u0440. \u041f\u0440\u0438\u043c\u043e\u0440\u0441\u043a\u043e\",\"publisher\":{\"@id\":\"https:\/\/seastar-primorsko.eu\/#organization\"},\"potentialAction\":[{\"@type\":\"SearchAction\",\"target\":{\"@type\":\"EntryPoint\",\"urlTemplate\":\"https:\/\/seastar-primorsko.eu\/?s={search_term_string}\"},\"query-input\":{\"@type\":\"PropertyValueSpecification\",\"valueRequired\":true,\"valueName\":\"search_term_string\"}}],\"inLanguage\":\"cs\"},{\"@type\":\"Organization\",\"@id\":\"https:\/\/seastar-primorsko.eu\/#organization\",\"name\":\"SeaStar - \u0425\u043e\u0442\u0435\u043b \u0432 \u041f\u0440\u0438\u043c\u043e\u0440\u0441\u043a\u043e\",\"url\":\"https:\/\/seastar-primorsko.eu\/\",\"logo\":{\"@type\":\"ImageObject\",\"inLanguage\":\"cs\",\"@id\":\"https:\/\/seastar-primorsko.eu\/#\/schema\/logo\/image\/\",\"url\":\"https:\/\/seastar-primorsko.eu\/wp-content\/uploads\/2020\/01\/logo-2starsf.png\",\"contentUrl\":\"https:\/\/seastar-primorsko.eu\/wp-content\/uploads\/2020\/01\/logo-2starsf.png\",\"width\":447,\"height\":160,\"caption\":\"SeaStar - \u0425\u043e\u0442\u0435\u043b \u0432 \u041f\u0440\u0438\u043c\u043e\u0440\u0441\u043a\u043e\"},\"image\":{\"@id\":\"https:\/\/seastar-primorsko.eu\/#\/schema\/logo\/image\/\"},\"sameAs\":[\"https:\/\/www.facebook.com\/seastar.primorsko.eu\/\"]}]}<\/script>\n<!-- \/ Yoast SEO plugin. -->","yoast_head_json":{"title":"\u041a\u043e\u043d\u0442\u0430\u043a\u0442\u0438 - SeaStar","robots":{"index":"index","follow":"follow","max-snippet":"max-snippet:-1","max-image-preview":"max-image-preview:large","max-video-preview":"max-video-preview:-1"},"canonical":"https:\/\/seastar-primorsko.eu\/cs\/contact-us\/","og_locale":"cs_CZ","og_type":"article","og_title":"\u041a\u043e\u043d\u0442\u0430\u043a\u0442\u0438 - SeaStar","og_url":"https:\/\/seastar-primorsko.eu\/cs\/contact-us\/","og_site_name":"SeaStar","article_publisher":"https:\/\/www.facebook.com\/seastar.primorsko.eu\/","article_modified_time":"2025-01-26T19:41:39+00:00","twitter_card":"summary_large_image","twitter_misc":{"Odhadovan\u00e1 doba \u010dten\u00ed":"1 minuta"},"schema":{"@context":"https:\/\/schema.org","@graph":[{"@type":"WebPage","@id":"https:\/\/seastar-primorsko.eu\/contact-us\/","url":"https:\/\/seastar-primorsko.eu\/contact-us\/","name":"\u041a\u043e\u043d\u0442\u0430\u043a\u0442\u0438 - SeaStar","isPartOf":{"@id":"https:\/\/seastar-primorsko.eu\/#website"},"datePublished":"2018-06-05T04:15:54+00:00","dateModified":"2025-01-26T19:41:39+00:00","breadcrumb":{"@id":"https:\/\/seastar-primorsko.eu\/contact-us\/#breadcrumb"},"inLanguage":"cs","potentialAction":[{"@type":"ReadAction","target":["https:\/\/seastar-primorsko.eu\/contact-us\/"]}]},{"@type":"BreadcrumbList","@id":"https:\/\/seastar-primorsko.eu\/contact-us\/#breadcrumb","itemListElement":[{"@type":"ListItem","position":1,"name":"\u041d\u0430\u0447\u0430\u043b\u043e","item":"https:\/\/seastar-primorsko.eu\/"},{"@type":"ListItem","position":2,"name":"\u041a\u043e\u043d\u0442\u0430\u043a\u0442\u0438"}]},{"@type":"WebSite","@id":"https:\/\/seastar-primorsko.eu\/#website","url":"https:\/\/seastar-primorsko.eu\/","name":"SeaStar","description":"\u0425\u043e\u0442\u0435\u043b \u0432 \u0433\u0440. \u041f\u0440\u0438\u043c\u043e\u0440\u0441\u043a\u043e","publisher":{"@id":"https:\/\/seastar-primorsko.eu\/#organization"},"potentialAction":[{"@type":"SearchAction","target":{"@type":"EntryPoint","urlTemplate":"https:\/\/seastar-primorsko.eu\/?s={search_term_string}"},"query-input":{"@type":"PropertyValueSpecification","valueRequired":true,"valueName":"search_term_string"}}],"inLanguage":"cs"},{"@type":"Organization","@id":"https:\/\/seastar-primorsko.eu\/#organization","name":"SeaStar - \u0425\u043e\u0442\u0435\u043b \u0432 \u041f\u0440\u0438\u043c\u043e\u0440\u0441\u043a\u043e","url":"https:\/\/seastar-primorsko.eu\/","logo":{"@type":"ImageObject","inLanguage":"cs","@id":"https:\/\/seastar-primorsko.eu\/#\/schema\/logo\/image\/","url":"https:\/\/seastar-primorsko.eu\/wp-content\/uploads\/2020\/01\/logo-2starsf.png","contentUrl":"https:\/\/seastar-primorsko.eu\/wp-content\/uploads\/2020\/01\/logo-2starsf.png","width":447,"height":160,"caption":"SeaStar - \u0425\u043e\u0442\u0435\u043b \u0432 \u041f\u0440\u0438\u043c\u043e\u0440\u0441\u043a\u043e"},"image":{"@id":"https:\/\/seastar-primorsko.eu\/#\/schema\/logo\/image\/"},"sameAs":["https:\/\/www.facebook.com\/seastar.primorsko.eu\/"]}]}},"_links":{"self":[{"href":"https:\/\/seastar-primorsko.eu\/cs\/wp-json\/wp\/v2\/pages\/168","targetHints":{"allow":["GET"]}}],"collection":[{"href":"https:\/\/seastar-primorsko.eu\/cs\/wp-json\/wp\/v2\/pages"}],"about":[{"href":"https:\/\/seastar-primorsko.eu\/cs\/wp-json\/wp\/v2\/types\/page"}],"author":[{"embeddable":true,"href":"https:\/\/seastar-primorsko.eu\/cs\/wp-json\/wp\/v2\/users\/1"}],"replies":[{"embeddable":true,"href":"https:\/\/seastar-primorsko.eu\/cs\/wp-json\/wp\/v2\/comments?post=168"}],"version-history":[{"count":12,"href":"https:\/\/seastar-primorsko.eu\/cs\/wp-json\/wp\/v2\/pages\/168\/revisions"}],"predecessor-version":[{"id":1860,"href":"https:\/\/seastar-primorsko.eu\/cs\/wp-json\/wp\/v2\/pages\/168\/revisions\/1860"}],"wp:attachment":[{"href":"https:\/\/seastar-primorsko.eu\/cs\/wp-json\/wp\/v2\/media?parent=168"}],"curies":[{"name":"wp","href":"https:\/\/api.w.org\/{rel}","templated":true}]}}